{"id":7232,"date":"2026-02-13T10:19:37","date_gmt":"2026-02-13T09:19:37","guid":{"rendered":"https:\/\/voortmandemontage.nl\/datenschutzerklaerung\/"},"modified":"2026-03-03T14:53:33","modified_gmt":"2026-03-03T13:53:33","slug":"datenschutzerklaerung","status":"publish","type":"page","link":"https:\/\/voortmandemontage.nl\/de\/datenschutzerklaerung\/","title":{"rendered":"Datenschutzerkl\u00e4rung"},"content":{"rendered":"\t\t<div data-elementor-type=\"wp-page\" data-elementor-id=\"7232\" class=\"elementor elementor-7232 elementor-5593\" data-elementor-post-type=\"page\">\n\t\t\t\t<main class=\"elementor-element elementor-element-399f98e e-flex e-con-boxed e-con e-parent\" data-id=\"399f98e\" data-element_type=\"container\" data-e-type=\"container\">\n\t\t\t\t\t<div class=\"e-con-inner\">\n\t\t\t\t<div class=\"elementor-element elementor-element-2a521805 elementor-widget elementor-widget-heading\" data-id=\"2a521805\" data-element_type=\"widget\" data-e-type=\"widget\" data-widget_type=\"heading.default\">\n\t\t\t\t\t<h1 class=\"elementor-heading-title elementor-size-default\">Datenschutzerkl\u00e4rung<\/h1>\t\t\t\t<\/div>\n\t\t\t\t<div class=\"elementor-element elementor-element-15e4f75 elementor-widget elementor-widget-text-editor\" data-id=\"15e4f75\" data-element_type=\"widget\" data-e-type=\"widget\" data-widget_type=\"text-editor.default\">\n\t\t\t\t\t\t\t\t\t<p>Voortman Demontage B.V. (hier: \u201ewir\u201c) verarbeitet personenbezogene Daten von Website-Besuchern. Diese Verarbeitung erfolgt auf Grundlage der europ\u00e4ischen Datenschutz-Grundverordnung (DSGVO). Die Durchsetzung dieser Regeln wird in den Niederlanden von der \u201eAutoriteit Persoonsgegevens\u201c (Datenschutzbeh\u00f6rde) durchgef\u00fchrt. F\u00fcr weitere Informationen zu diesem Gesetz verweisen wir Sie auf die Website der Datenschutzbeh\u00f6rde. Sie haben das Recht, dort eine Beschwerde einzureichen, wenn Sie der Meinung sind, dass wir nicht ordnungsgem\u00e4\u00df mit der Verarbeitung Ihrer personenbezogenen Daten umgehen.    <\/p>\t\t\t\t\t\t\t\t<\/div>\n\t\t\t\t<div class=\"elementor-element elementor-element-7462ed51 elementor-widget elementor-widget-text-editor\" data-id=\"7462ed51\" data-element_type=\"widget\" data-e-type=\"widget\" data-widget_type=\"text-editor.default\">\n\t\t\t\t\t\t\t\t\t<p>In dieser Datenschutzerkl\u00e4rung erl\u00e4utern wir, warum und auf welche Weise wir Ihre personenbezogenen Daten verarbeiten.<\/p>\t\t\t\t\t\t\t\t<\/div>\n\t\t\t\t<div class=\"elementor-element elementor-element-275c30be elementor-widget elementor-widget-heading\" data-id=\"275c30be\" data-element_type=\"widget\" data-e-type=\"widget\" data-widget_type=\"heading.default\">\n\t\t\t\t\t<h2 class=\"elementor-heading-title elementor-size-default\">Identit\u00e4t und Kontaktdaten<\/h2>\t\t\t\t<\/div>\n\t\t\t\t<div class=\"elementor-element elementor-element-113636ac elementor-widget elementor-widget-text-editor\" data-id=\"113636ac\" data-element_type=\"widget\" data-e-type=\"widget\" data-widget_type=\"text-editor.default\">\n\t\t\t\t\t\t\t\t\t<p>Voortman Demontage B.V.<\/p><p>Handelsregister (KVK): 08154336<\/p><p>Adresse: Handelsweg 16, 7461 JK, Rijssen, Niederlande<\/p><p>Tel: +31 (0)548 &#8211; 512 032<\/p><p>E-Mail: info@voortmandemontage.nl<\/p>\t\t\t\t\t\t\t\t<\/div>\n\t\t\t\t<div class=\"elementor-element elementor-element-4c91e814 elementor-widget elementor-widget-heading\" data-id=\"4c91e814\" data-element_type=\"widget\" data-e-type=\"widget\" data-widget_type=\"heading.default\">\n\t\t\t\t\t<h2 class=\"elementor-heading-title elementor-size-default\">Personenbezogene Daten, die wir verarbeiten<\/h2>\t\t\t\t<\/div>\n\t\t\t\t<div class=\"elementor-element elementor-element-3763dc49 elementor-widget elementor-widget-text-editor\" data-id=\"3763dc49\" data-element_type=\"widget\" data-e-type=\"widget\" data-widget_type=\"text-editor.default\">\n\t\t\t\t\t\t\t\t\t<p>Wir verarbeiten Ihre personenbezogenen Daten, weil Sie unsere Dienste nutzen und\/oder weil Sie uns diese Daten selbst zur Verf\u00fcgung stellen.<\/p>\t\t\t\t\t\t\t\t<\/div>\n\t\t\t\t<div class=\"elementor-element elementor-element-2eee8a5a elementor-widget elementor-widget-text-editor\" data-id=\"2eee8a5a\" data-element_type=\"widget\" data-e-type=\"widget\" data-widget_type=\"text-editor.default\">\n\t\t\t\t\t\t\t\t\t<p>Vor- und Nachname: Diese verarbeiten wir, wenn ein Kontaktformular ausgef\u00fcllt wird. F\u00fcr diese Verarbeitung ist eine Einwilligung erforderlich. Diese k\u00f6nnen Sie uns erteilen, bevor das Formular abgesendet wird. Wir speichern diese Daten in unserem E-Mail-Programm, solange dies f\u00fcr die Kommunikation erforderlich ist. Nach diesem Zeitraum werden diese Daten gel\u00f6scht und somit auch nicht zu einem sp\u00e4teren Zeitpunkt verwendet, um Ihnen ein Angebot zu unterbreiten.    <\/p><p>E-Mail-Adresse: Diese verarbeiten wir auf die gleiche Weise wie Vor- und Nachnamen, wenn Sie ein Kontaktformular ausf\u00fcllen. Dar\u00fcber hinaus verarbeiten wir Ihre E-Mail-Adresse, wenn Sie uns die Erlaubnis erteilen, diese in unsere Mailingliste aufzunehmen. Ihre E-Mail-Adresse wird dann ausschlie\u00dflich f\u00fcr den Newsletter verwendet und nur in dieser Liste gespeichert. Ihre E-Mail-Adresse wird auf unbestimmte Zeit gespeichert, bis Sie sich entscheiden, den Newsletter abzubestellen.   <\/p><p><strong>NAW-gegevens:<\/strong> de verwerking van deze persoonsgegevens is noodzakelijk om aan de uitvoering van de belastingwet te kunnen voldoen. Deze gegevens zullen volgens de wet 7 jaar bewaard worden. <\/p><p>IP-Adresse: Wir speichern Ihr Besuchsverhalten und Informationen, die der Webbrowser mitsendet, um zu analysieren, wie unsere Website genutzt wird.<\/p><p>Wir werden Ihre Daten nicht ohne Ihre Einwilligung verarbeiten, es sei denn, wir sind gesetzlich dazu verpflichtet.<\/p>\t\t\t\t\t\t\t\t<\/div>\n\t\t\t\t<div class=\"elementor-element elementor-element-6a6157c9 elementor-widget elementor-widget-text-editor\" data-id=\"6a6157c9\" data-element_type=\"widget\" data-e-type=\"widget\" data-widget_type=\"text-editor.default\">\n\t\t\t\t\t\t\t\t\t<p>Wir behalten uns das Recht vor, \u00c4nderungen an dieser Datenschutzerkl\u00e4rung vorzunehmen. Es wird empfohlen, diese Datenschutzerkl\u00e4rung regelm\u00e4\u00dfig zu lesen, damit Sie \u00fcber diese \u00c4nderungen informiert sind. <\/p>\t\t\t\t\t\t\t\t<\/div>\n\t\t\t\t<div class=\"elementor-element elementor-element-72867d7a elementor-widget elementor-widget-heading\" data-id=\"72867d7a\" data-element_type=\"widget\" data-e-type=\"widget\" data-widget_type=\"heading.default\">\n\t\t\t\t\t<h2 class=\"elementor-heading-title elementor-size-default\">Datenschutzrechte<\/h2>\t\t\t\t<\/div>\n\t\t\t\t<div class=\"elementor-element elementor-element-27a2eccb elementor-widget elementor-widget-text-editor\" data-id=\"27a2eccb\" data-element_type=\"widget\" data-e-type=\"widget\" data-widget_type=\"text-editor.default\">\n\t\t\t\t\t\t\t\t\t<p>Wir gehen mit Ihren Daten nicht unrechtm\u00e4\u00dfig um&#8230; Wir behandeln de erhobenen Daten vertraulich. Die Verarbeitung der Daten erfolgt in \u00dcbereinstimmung mit den Anforderungen der geltenden Datenschutzgesetze.  <\/p><p><strong>Sie haben das Recht auf Daten\u00fcbertragbarkeit. Es ist m\u00f6glich, Ihre personenbezogenen Daten zu \u00fcbertragen. <\/strong><\/p><p><strong>Sie haben het Recht, Auskunft \u00fcber Ihre personenbezogenen Daten zu erhalten.<\/strong><\/p><p><strong>Sie haben het Recht, die Berichtigung Ihrer personenbezogenen Daten zu verlangen.<\/strong><\/p><p><strong>Sie haben das Recht, die vollst\u00e4ndige L\u00f6schung Ihrer personenbezogenen Daten zu verlangen.<\/strong><\/p><p><strong>Sie haben das Recht, Ihre Einwilligung zur Datenverarbeitung jederzeit te widerrufen. <\/strong><\/p><p><strong>Sie haben das Recht, Widerspruch gegen die Verarbeitung Ihrer personenbezogenen Daten einzulegen.<\/strong><\/p><p>Am besten stellen Sie Ihren Antrag auf Auskunft schriftlich, per Brief oder E-Mail. Die Datenschutzbeh\u00f6rde (AP) stellt hierf\u00fcr einen Musterbrief auf ihrer Website zur Verf\u00fcgung. Bitte beachten Sie: Ein Auskunftsersuchen kann nur gestellt werden, wenn Sie \u00fcber 16 Jahre alt sind und nicht unter Vormundschaft stehen. Andernfalls muss Ihr gesetzlicher Vertreter (beispielsweise ein Elternteil) den Antrag stellen. In diesem Fall werden wir unsere Antwort ebenfalls an diese Person senden.    <\/p>\t\t\t\t\t\t\t\t<\/div>\n\t\t\t\t<div class=\"elementor-element elementor-element-1f715614 elementor-widget elementor-widget-heading\" data-id=\"1f715614\" data-element_type=\"widget\" data-e-type=\"widget\" data-widget_type=\"heading.default\">\n\t\t\t\t\t<h2 class=\"elementor-heading-title elementor-size-default\">Google Analytics<\/h2>\t\t\t\t<\/div>\n\t\t\t\t<div class=\"elementor-element elementor-element-5648bb6f elementor-widget elementor-widget-text-editor\" data-id=\"5648bb6f\" data-element_type=\"widget\" data-e-type=\"widget\" data-widget_type=\"text-editor.default\">\n\t\t\t\t\t\t\t\t\t<p>Zur Messung und Analyse des Besucherverhaltens nutzen wir Google Analytics. Um Ihre Privatsph\u00e4re zu sch\u00fctzen, haben wir Google Analytics datenschutzfreundlich konfiguriert. <\/p>\t\t\t\t\t\t\t\t<\/div>\n\t\t\t\t<div class=\"elementor-element elementor-element-429654d3 elementor-widget elementor-widget-text-editor\" data-id=\"429654d3\" data-element_type=\"widget\" data-e-type=\"widget\" data-widget_type=\"text-editor.default\">\n\t\t\t\t\t\t\t\t\t<p>Wir haben einen Auftragsverarbeitungsvertrag mit Google abgeschlossen.<\/p><p>Wir nutzen die Funktion \u201eAnonymize IP\u201c, bei der das letzte Oktett der IP-Adresse maskiert wird, bevor sie von Google gespeichert wird.<\/p><p>Die Option \u201eDatenfreigabe\u201c haben wir deaktiviert.<\/p><p>Die Funktion f\u00fcr User-IDs ist nicht aktiviert.<\/p><p>Es werden keine anderen Google-Dienste in Kombination mit den Google Analytics-Cookies verwendet.<\/p><p>Die Aufbewahrungsdauer f\u00fcr Nutzer- und Ereignisdaten ist auf 50 Monate eingestellt. Nach Ablauf dieses Zeitraums werden die bei Google Analytics erhobenen Daten automatisch gel\u00f6scht. <\/p><p>M\u00f6chten Sie trotz aller getroffenen Ma\u00dfnahmen nicht, dass wir Ihr Verhalten anonym verfolgen, besteht eine Opt-out-M\u00f6glichkeit. Google hat ein spezielles Add-on f\u00fcr Chrome entwickelt&#8230; Laden Sie hier das Google Analytics Opt-out-Browser-Add-on herunter.   <\/p>\t\t\t\t\t\t\t\t<\/div>\n\t\t\t\t<div class=\"elementor-element elementor-element-400b8670 elementor-widget elementor-widget-heading\" data-id=\"400b8670\" data-element_type=\"widget\" data-e-type=\"widget\" data-widget_type=\"heading.default\">\n\t\t\t\t\t<h2 class=\"elementor-heading-title elementor-size-default\">Hotjar<\/h2>\t\t\t\t<\/div>\n\t\t\t\t<div class=\"elementor-element elementor-element-4c91c097 elementor-widget elementor-widget-text-editor\" data-id=\"4c91c097\" data-element_type=\"widget\" data-e-type=\"widget\" data-widget_type=\"text-editor.default\">\n\t\t\t\t\t\t\t\t\t<p>Um das Besucherverhalten zu messen und zu analysieren, nutzen wir Hotjar. Dieser Dienst erm\u00f6glicht es, das visuelle Verhalten nachzuverfolgen. Um Ihre Privatsph\u00e4re zu gew\u00e4hrleisten, haben wir folgende Ma\u00dfnahmen ergriffen:  <\/p>\t\t\t\t\t\t\t\t<\/div>\n\t\t\t\t<div class=\"elementor-element elementor-element-63806f03 elementor-widget elementor-widget-text-editor\" data-id=\"63806f03\" data-element_type=\"widget\" data-e-type=\"widget\" data-widget_type=\"text-editor.default\">\n\t\t\t\t\t\t\t\t\t<p>Wir haben einen Auftragsverarbeitungsvertrag mit Hotjar abgeschlossen.<\/p><p>Wil je ondanks alle genomen maatregelen nog steeds niet dat we jouw gedrag anoniem volgen, dan bestaat er een opt-out mogelijkheid. Hotjar biedt deze optie hier aan via hun website. <\/p>\t\t\t\t\t\t\t\t<\/div>\n\t\t\t\t<div class=\"elementor-element elementor-element-526e3735 elementor-widget elementor-widget-heading\" data-id=\"526e3735\" data-element_type=\"widget\" data-e-type=\"widget\" data-widget_type=\"heading.default\">\n\t\t\t\t\t<h2 class=\"elementor-heading-title elementor-size-default\">Website-Sicherheit<\/h2>\t\t\t\t<\/div>\n\t\t\t\t<div class=\"elementor-element elementor-element-6db50e9e elementor-widget elementor-widget-text-editor\" data-id=\"6db50e9e\" data-element_type=\"widget\" data-e-type=\"widget\" data-widget_type=\"text-editor.default\">\n\t\t\t\t\t\t\t\t\t<p>Um unsere Website vor Hackern und anderen b\u00f6swilligen Angriffen zu sch\u00fctzen, verwenden wir ein Sicherheits-Plugin. Dieses Plugin verarbeitet hierf\u00fcr die IP-Adresse unserer Website-Besucher.  <\/p>\t\t\t\t\t\t\t\t<\/div>\n\t\t\t\t<div class=\"elementor-element elementor-element-5d58639d elementor-widget elementor-widget-text-editor\" data-id=\"5d58639d\" data-element_type=\"widget\" data-e-type=\"widget\" data-widget_type=\"text-editor.default\">\n\t\t\t\t\t\t\t\t\t<p>Um Daten sicher \u00fcber das Internet zu \u00fcbertragen, ist auf unserer Website ein SSL-Zertifikat installiert. Dieses Protokoll stellt eine verschl\u00fcsselte Verbindung zwischen einem Webserver und einem Internetbrowser her. Diese Verbindung sorgt daf\u00fcr, dass alle Daten vertraulich bleiben.  <\/p>\t\t\t\t\t\t\t\t<\/div>\n\t\t\t\t<div class=\"elementor-element elementor-element-1f711130 elementor-widget elementor-widget-text-editor\" data-id=\"1f711130\" data-element_type=\"widget\" data-e-type=\"widget\" data-widget_type=\"text-editor.default\">\n\t\t\t\t\t\t\t\t\t<p>Um die Sicherheit der Website zu gew\u00e4hrleisten, haben wir ein Unternehmen beauftragt, das w\u00f6chentliche Updates unserer Website durchf\u00fchrt, damit diese immer auf dem neuesten Stand ist.<\/p>\t\t\t\t\t\t\t\t<\/div>\n\t\t\t\t<div class=\"elementor-element elementor-element-114d6c3e elementor-widget elementor-widget-heading\" data-id=\"114d6c3e\" data-element_type=\"widget\" data-e-type=\"widget\" data-widget_type=\"heading.default\">\n\t\t\t\t\t<h2 class=\"elementor-heading-title elementor-size-default\">Daten\u00fcbermittlung<\/h2>\t\t\t\t<\/div>\n\t\t\t\t<div class=\"elementor-element elementor-element-2c1df218 elementor-widget elementor-widget-text-editor\" data-id=\"2c1df218\" data-element_type=\"widget\" data-e-type=\"widget\" data-widget_type=\"text-editor.default\">\n\t\t\t\t\t\t\t\t\t<p>Wir werden Ihre Daten nur innerhalb der Europ\u00e4ischen Union verarbeiten. Au\u00dferhalb der Europ\u00e4ischen Union verarbeiten wir Ihre Daten nur dann, wenn das betreffende Land ein angemessenes Schutzniveau f\u00fcr Ihre Daten bietet. Ohne Ihre ausdr\u00fcckliche Zustimmung werden wir Ihre Daten niemals an andere L\u00e4nder oder andere Parteien als die oben genannten weitergeben.  <\/p>\t\t\t\t\t\t\t\t<\/div>\n\t\t\t\t\t<\/div>\n\t\t\t\t<\/main>\n\t\t\t\t<\/div>\n\t\t","protected":false},"excerpt":{"rendered":"<p>Datenschutzerkl\u00e4rung Voortman Demontage B.V. (hier: \u201ewir\u201c) verarbeitet personenbezogene Daten von Website-Besuchern. Diese Verarbeitung erfolgt auf Grundlage der europ\u00e4ischen Datenschutz-Grundverordnung (DSGVO). Die Durchsetzung dieser Regeln wird in den Niederlanden von der \u201eAutoriteit Persoonsgegevens\u201c (Datenschutzbeh\u00f6rde) durchgef\u00fchrt. F\u00fcr weitere Informationen zu diesem Gesetz verweisen wir Sie auf die Website der Datenschutzbeh\u00f6rde. Sie haben das Recht, dort eine Beschwerde [&hellip;]<\/p>\n","protected":false},"author":1,"featured_media":0,"parent":0,"menu_order":0,"comment_status":"closed","ping_status":"closed","template":"","meta":{"_acf_changed":false,"footnotes":""},"class_list":["post-7232","page","type-page","status-publish","hentry"],"acf":[],"_links":{"self":[{"href":"https:\/\/voortmandemontage.nl\/de\/wp-json\/wp\/v2\/pages\/7232","targetHints":{"allow":["GET"]}}],"collection":[{"href":"https:\/\/voortmandemontage.nl\/de\/wp-json\/wp\/v2\/pages"}],"about":[{"href":"https:\/\/voortmandemontage.nl\/de\/wp-json\/wp\/v2\/types\/page"}],"author":[{"embeddable":true,"href":"https:\/\/voortmandemontage.nl\/de\/wp-json\/wp\/v2\/users\/1"}],"replies":[{"embeddable":true,"href":"https:\/\/voortmandemontage.nl\/de\/wp-json\/wp\/v2\/comments?post=7232"}],"version-history":[{"count":1,"href":"https:\/\/voortmandemontage.nl\/de\/wp-json\/wp\/v2\/pages\/7232\/revisions"}],"predecessor-version":[{"id":7233,"href":"https:\/\/voortmandemontage.nl\/de\/wp-json\/wp\/v2\/pages\/7232\/revisions\/7233"}],"wp:attachment":[{"href":"https:\/\/voortmandemontage.nl\/de\/wp-json\/wp\/v2\/media?parent=7232"}],"curies":[{"name":"wp","href":"https:\/\/api.w.org\/{rel}","templated":true}]}}